{"id":128,"date":"2024-04-20T12:25:36","date_gmt":"2024-04-20T12:25:36","guid":{"rendered":"http:\/\/wordpress.ivd-deutschland.com\/?page_id=128"},"modified":"2024-04-23T15:07:00","modified_gmt":"2024-04-23T15:07:00","slug":"unternehmen","status":"publish","type":"page","link":"https:\/\/www.ivd-deutschland.com\/en\/unternehmen\/","title":{"rendered":"Company"},"content":{"rendered":"<h2 class=\"wp-block-heading\"><strong>Company<\/strong><\/h2>\n\n\n\n<div style=\"height:30px\" aria-hidden=\"true\" class=\"wp-block-spacer\"><\/div>\n\n\n\n<h3 class=\"wp-block-heading\">Business<\/h3>\n\n\n\n<div class=\"wp-block-columns is-layout-flex wp-container-core-columns-is-layout-28f84493 wp-block-columns-is-layout-flex\">\n<div class=\"wp-block-column is-layout-flow wp-block-column-is-layout-flow\" style=\"flex-basis:60%\">\n<p>IVD Germany is an international consulting service provider with its main focus on engine and powertrain engineering in the automotive industry.<\/p>\n\n\n\n<p>The focus is on development and research projects in the areas of<\/p>\n\n\n\n<ul class=\"wp-block-list\">\n<li>passenger car and truck combustion engines<\/li>\n\n\n\n<li>electrical drive<\/li>\n\n\n\n<li>Hybrid and Range Extender<\/li>\n\n\n\n<li>Valuation of user behaviour<\/li>\n<\/ul>\n<\/div>\n\n\n\n<div class=\"wp-block-column is-layout-flow wp-block-column-is-layout-flow\" style=\"flex-basis:5%\"><\/div>\n\n\n\n<div class=\"wp-block-column is-layout-flow wp-block-column-is-layout-flow\" style=\"flex-basis:35%\">\n<figure class=\"wp-block-image size-large has-custom-border\"><img loading=\"lazy\" decoding=\"async\" width=\"1024\" height=\"683\" src=\"http:\/\/ivd-deutschland.com\/wp-content\/uploads\/2024\/04\/MPE850Hybrid4-1024x683.jpg\" alt=\"\" class=\"wp-image-212\" style=\"border-radius:20px\" srcset=\"https:\/\/www.ivd-deutschland.com\/wp-content\/uploads\/2024\/04\/MPE850Hybrid4-1024x683.jpg 1024w, https:\/\/www.ivd-deutschland.com\/wp-content\/uploads\/2024\/04\/MPE850Hybrid4-300x200.jpg 300w, https:\/\/www.ivd-deutschland.com\/wp-content\/uploads\/2024\/04\/MPE850Hybrid4-768x512.jpg 768w, https:\/\/www.ivd-deutschland.com\/wp-content\/uploads\/2024\/04\/MPE850Hybrid4-1536x1024.jpg 1536w, https:\/\/www.ivd-deutschland.com\/wp-content\/uploads\/2024\/04\/MPE850Hybrid4-2048x1365.jpg 2048w\" sizes=\"auto, (max-width: 1024px) 100vw, 1024px\" \/><\/figure>\n<\/div>\n<\/div>\n\n\n\n<p>ID develops innovative and not common solutions in extreme selection of topics.<\/p>\n\n\n\n<p>A main strength of IVD is its competence in integration of calculation \/ simulation with measurement and experiment, as well as long lasting experience in engine and powertrain engineering. As an independent company IVD is an ideal partner for solutions in special development issues.<\/p>\n\n\n\n<div style=\"height:50px\" aria-hidden=\"true\" class=\"wp-block-spacer\"><\/div>\n\n\n\n<h3 class=\"wp-block-heading\">Philosophy<\/h3>\n\n\n\n<p>The aim of IVD Deutschland GmbH's activities is to evaluate, analyse and promote new topics and visions in the field of engines and powertrains. The company has on its command a broad range of tools. <\/p>\n\n\n\n<div class=\"wp-block-columns is-layout-flex wp-container-core-columns-is-layout-28f84493 wp-block-columns-is-layout-flex\">\n<div class=\"wp-block-column is-layout-flow wp-block-column-is-layout-flow\" style=\"flex-basis:60%\">\n<p>Our teams realise these solutions with creativity and passion. The company has a wide range of tools at its disposal. In addition to simulation tools developed in-house (vehicle longitudinal dynamics, drivetrain vibrations, etc.), conventional tools are also used, and these solutions are implemented by our teams with creativity and passion. The company has a wide range of tools at its disposal. In addition to simulation tools developed in-house (vehicle longitudinal dynamics, drivetrain vibrations, ...), conventional tools are also used.<\/p>\n\n\n\n<p>Due to our partner network IVD can make use of up to date test bed and measurement instrumentation for combustion, electric and hybrid concepts. For our customers this means innovative approaches and successful completed topics.<\/p>\n<\/div>\n\n\n\n<div class=\"wp-block-column is-layout-flow wp-block-column-is-layout-flow\" style=\"flex-basis:5%\"><\/div>\n\n\n\n<div class=\"wp-block-column is-layout-flow wp-block-column-is-layout-flow\" style=\"flex-basis:35%\">\n<figure class=\"wp-block-image size-large has-custom-border\"><img loading=\"lazy\" decoding=\"async\" width=\"1024\" height=\"683\" src=\"http:\/\/ivd-deutschland.com\/wp-content\/uploads\/2024\/04\/the-free-birds-lgD1Bz9wlN8-unsplash-1024x683.jpg\" alt=\"\" class=\"wp-image-213\" style=\"border-radius:20px\" srcset=\"https:\/\/www.ivd-deutschland.com\/wp-content\/uploads\/2024\/04\/the-free-birds-lgD1Bz9wlN8-unsplash-1024x683.jpg 1024w, https:\/\/www.ivd-deutschland.com\/wp-content\/uploads\/2024\/04\/the-free-birds-lgD1Bz9wlN8-unsplash-300x200.jpg 300w, https:\/\/www.ivd-deutschland.com\/wp-content\/uploads\/2024\/04\/the-free-birds-lgD1Bz9wlN8-unsplash-768x512.jpg 768w, https:\/\/www.ivd-deutschland.com\/wp-content\/uploads\/2024\/04\/the-free-birds-lgD1Bz9wlN8-unsplash-1536x1024.jpg 1536w, https:\/\/www.ivd-deutschland.com\/wp-content\/uploads\/2024\/04\/the-free-birds-lgD1Bz9wlN8-unsplash-2048x1365.jpg 2048w\" sizes=\"auto, (max-width: 1024px) 100vw, 1024px\" \/><\/figure>\n<\/div>\n<\/div>\n\n\n\n<div style=\"height:50px\" aria-hidden=\"true\" class=\"wp-block-spacer\"><\/div>\n\n\n\n<h3 class=\"wp-block-heading\">Methodology<\/h3>\n\n\n\n<p>IVD's methodology for solution of complex settings of a task is geared to the V-approach. In doing so a complete system is fractured into single systems. These are being analyzed and verified. The insight of those single systems are then again put together for analysing the complete system.<\/p>\n\n\n\n<p>In each step simulation outcomes are followed by verification in measurements on the test beds. Peculiar value is set on an integrative approach with high effectivity. The accurracy of the findings permits high comprehension for the system's characteristics and behavior of its components.<\/p>\n\n\n\n<p>Maximum customer benefit arises from a whole consideration of theory, measurement and simulation in connection with a target oriented interpretation of the results.<\/p>","protected":false},"excerpt":{"rendered":"<p>Unternehmen Firma IVD Deutschland GmbH ist ein international t\u00e4tiger Consulting Dienstleister mit Schwerpunkt auf Motoren- &amp; Antriebsstrangentwicklung f\u00fcr die Automobilindustrie. Im Mittelpunkt stehen dabei die Durchf\u00fchrung von Entwicklungs- und Forschungsprojekten in den Bereichen IVD entwickelt innovative und nicht allt\u00e4gliche L\u00f6sungen in extremen Themenstellungen. Eine der besonderen St\u00e4rken von IVD ist die Kompetenz in Integration von [&hellip;]<\/p>\n","protected":false},"author":1,"featured_media":0,"parent":0,"menu_order":0,"comment_status":"closed","ping_status":"closed","template":"","meta":{"footnotes":""},"class_list":["post-128","page","type-page","status-publish","hentry"],"_links":{"self":[{"href":"https:\/\/www.ivd-deutschland.com\/en\/wp-json\/wp\/v2\/pages\/128","targetHints":{"allow":["GET"]}}],"collection":[{"href":"https:\/\/www.ivd-deutschland.com\/en\/wp-json\/wp\/v2\/pages"}],"about":[{"href":"https:\/\/www.ivd-deutschland.com\/en\/wp-json\/wp\/v2\/types\/page"}],"author":[{"embeddable":true,"href":"https:\/\/www.ivd-deutschland.com\/en\/wp-json\/wp\/v2\/users\/1"}],"replies":[{"embeddable":true,"href":"https:\/\/www.ivd-deutschland.com\/en\/wp-json\/wp\/v2\/comments?post=128"}],"version-history":[{"count":3,"href":"https:\/\/www.ivd-deutschland.com\/en\/wp-json\/wp\/v2\/pages\/128\/revisions"}],"predecessor-version":[{"id":214,"href":"https:\/\/www.ivd-deutschland.com\/en\/wp-json\/wp\/v2\/pages\/128\/revisions\/214"}],"wp:attachment":[{"href":"https:\/\/www.ivd-deutschland.com\/en\/wp-json\/wp\/v2\/media?parent=128"}],"curies":[{"name":"wp","href":"https:\/\/api.w.org\/{rel}","templated":true}]}}