{"id":129,"date":"2024-04-20T12:26:19","date_gmt":"2024-04-20T12:26:19","guid":{"rendered":"http:\/\/wordpress.ivd-deutschland.com\/?page_id=129"},"modified":"2024-05-17T14:11:12","modified_gmt":"2024-05-17T14:11:12","slug":"team","status":"publish","type":"page","link":"https:\/\/www.ivd-deutschland.com\/en\/team\/","title":{"rendered":"Team"},"content":{"rendered":"<h2 class=\"wp-block-heading\"><strong>Team<\/strong><\/h2>\n\n\n\n<div style=\"height:30px\" aria-hidden=\"true\" class=\"wp-block-spacer\"><\/div>\n\n\n\n<h3 class=\"wp-block-heading\">Management Board<\/h3>\n\n\n\n<h4 class=\"wp-block-heading\"><strong>Prof. Dr.-Ing. G\u00fcnter Hohenberg<\/strong><\/h4>\n\n\n\n<div class=\"wp-block-columns is-layout-flex wp-container-core-columns-is-layout-28f84493 wp-block-columns-is-layout-flex\">\n<div class=\"wp-block-column is-layout-flow wp-block-column-is-layout-flow\" style=\"flex-basis:75%\">\n<p>As the founder of the company, Prof. Hohenberg can look back on an unusually successful career.<\/p>\n\n\n\n<p>After graduating in mechanical engineering from Graz University of Technology, he joined the car engine design department of the then Daimler-Benz AG in 1970. The main points of his work were: Design and layout of the Wankel engine, thermodynamics of the work process and measurement technology. In 1974, Prof Hohenberg completed his doctorate at the University of Stuttgart with the topic \u2018Mixture formation in the Wankel engine\u2019, followed in 1980 by his habilitation with the topic \u2018Heat transfer in the diesel engine\u2019 at the Institute for Internal Combustion Engines and Thermodynamics at Graz University of Technology. 1981 he joined AVL List GmbH, where he was most recently Head of Development for the entire electronics and measurement technology development. 1984 he was appointed Professor and Head of the Department of Combustion Engines at the Technical University of Darmstadt, where he worked on numerous research and development projects for the automotive industry until 2009. His work focused on the investigation of internal engine processes in diesel and petrol engines, engine electronics, engine measurement technology, test bench technology and development methodology.<\/p>\n<\/div>\n\n\n\n<div class=\"wp-block-column is-layout-flow wp-block-column-is-layout-flow\" style=\"flex-basis:2.5%\"><\/div>\n\n\n\n<div class=\"wp-block-column is-layout-flow wp-block-column-is-layout-flow\" style=\"flex-basis:22.5%\">\n<figure class=\"wp-block-image aligncenter size-full has-custom-border\"><img loading=\"lazy\" decoding=\"async\" width=\"1707\" height=\"2560\" src=\"http:\/\/ivd-deutschland.com\/wp-content\/uploads\/2024\/04\/Hohenberg-edited-scaled.jpg\" alt=\"\" class=\"wp-image-208\" style=\"border-radius:20px;object-fit:cover\" srcset=\"https:\/\/www.ivd-deutschland.com\/wp-content\/uploads\/2024\/04\/Hohenberg-edited-scaled.jpg 1707w, https:\/\/www.ivd-deutschland.com\/wp-content\/uploads\/2024\/04\/Hohenberg-edited-200x300.jpg 200w, https:\/\/www.ivd-deutschland.com\/wp-content\/uploads\/2024\/04\/Hohenberg-edited-683x1024.jpg 683w, https:\/\/www.ivd-deutschland.com\/wp-content\/uploads\/2024\/04\/Hohenberg-edited-768x1152.jpg 768w, https:\/\/www.ivd-deutschland.com\/wp-content\/uploads\/2024\/04\/Hohenberg-edited-1024x1536.jpg 1024w, https:\/\/www.ivd-deutschland.com\/wp-content\/uploads\/2024\/04\/Hohenberg-edited-1366x2048.jpg 1366w\" sizes=\"auto, (max-width: 1707px) 100vw, 1707px\" \/><\/figure>\n<\/div>\n<\/div>\n\n\n\n<p>Prof. Hohenberg also focuses on the simulation of the work process and the analysis and further development of alternative concepts such as hybrid drives as well as topics relating to the electrification of the powertrain. At IVD GmbH, Prof. Hohenberg is now making his wide range of experience available for working on powertrain topics.<\/p>\n\n\n\n<div style=\"height:30px\" aria-hidden=\"true\" class=\"wp-block-spacer\"><\/div>\n\n\n\n<h4 class=\"wp-block-heading\"><strong>Mag. Gudrun Beidl-Stangl<\/strong><\/h4>\n\n\n\n<div class=\"wp-block-columns is-layout-flex wp-container-core-columns-is-layout-28f84493 wp-block-columns-is-layout-flex\">\n<div class=\"wp-block-column is-layout-flow wp-block-column-is-layout-flow\" style=\"flex-basis:75%\">\n<p>Mag. Gudrun Beidl-Stangl has been Managing Director of IVD Deutschland GmbH since August 2011.<\/p>\n\n\n\n<p>Born in M\u00f6dling near Vienna in 1969, Mag. Gudrun Beidl-Stangl studied psychology at the University of Vienna from 1988 to 1994 and business administration at the Vienna University of Economics and Business Administration from 1990 to 1995. After graduating with a Master's degree, she began her professional career in 1995 at the University of Vienna, Institute for Applied Computer Science in the field of Human Computer Interface and Usability. In 1998, Mag. Gudrun Beidl-Stangl moved to the automotive industry to join AVL List GmbH in Graz as an organisational developer responsible for the design of global processes and in particular for digital communication and information. From 2001-2002, Mag. Beidl-Stangl completed an MDT management training course. A further move took Mag. Gudrun Beidl-Stangl to Magna Powertrain in Lannach, where as IT Manager she was responsible for the optimisation and further development of operational processes and their mapping in the IT systems. In addition to the purely technical side, the focus here was also on the interface between the specialist department and the IT system (Human Computer Interface).<\/p>\n<\/div>\n\n\n\n<div class=\"wp-block-column is-layout-flow wp-block-column-is-layout-flow\" style=\"flex-basis:2.5%\"><\/div>\n\n\n\n<div class=\"wp-block-column is-layout-flow wp-block-column-is-layout-flow\" style=\"flex-basis:22.5%\">\n<figure class=\"wp-block-image aligncenter size-large has-custom-border\"><img loading=\"lazy\" decoding=\"async\" width=\"683\" height=\"1024\" src=\"http:\/\/ivd-deutschland.com\/wp-content\/uploads\/2024\/04\/GudrunBeidlStangl-683x1024.jpg\" alt=\"\" class=\"wp-image-200\" style=\"border-radius:20px;object-fit:cover\" srcset=\"https:\/\/www.ivd-deutschland.com\/wp-content\/uploads\/2024\/04\/GudrunBeidlStangl-683x1024.jpg 683w, https:\/\/www.ivd-deutschland.com\/wp-content\/uploads\/2024\/04\/GudrunBeidlStangl-200x300.jpg 200w, https:\/\/www.ivd-deutschland.com\/wp-content\/uploads\/2024\/04\/GudrunBeidlStangl-768x1152.jpg 768w, https:\/\/www.ivd-deutschland.com\/wp-content\/uploads\/2024\/04\/GudrunBeidlStangl-1024x1536.jpg 1024w, https:\/\/www.ivd-deutschland.com\/wp-content\/uploads\/2024\/04\/GudrunBeidlStangl-1365x2048.jpg 1365w, https:\/\/www.ivd-deutschland.com\/wp-content\/uploads\/2024\/04\/GudrunBeidlStangl.jpg 1417w\" sizes=\"auto, (max-width: 683px) 100vw, 683px\" \/><\/figure>\n<\/div>\n<\/div>\n\n\n\n<p>Private<br>Mag. Gudrun Beidl-Stangl is married and has two children. In her free time, she enjoys reading, running and devoting as much time as possible to her great passion, sailing.<\/p>\n\n\n\n<div style=\"height:50px\" aria-hidden=\"true\" class=\"wp-block-spacer\"><\/div>\n\n\n\n<h3 class=\"wp-block-heading\">Partners<\/h3>\n\n\n\n<p>IVD Deutschland GmbH has a wide network at its disposal to fulfil the various requirements of a project team and has access to a number of cooperation partners:<\/p>\n\n\n\n<ul class=\"wp-block-list\">\n<li>TU Graz<\/li>\n\n\n\n<li>TU Darmstadt<\/li>\n\n\n\n<li>AVL<\/li>\n\n\n\n<li>IESTA<\/li>\n\n\n\n<li>TUZ \u2013 Technologie- und Umweltzentrum GmbH<\/li>\n<\/ul>\n\n\n\n<div style=\"height:50px\" aria-hidden=\"true\" class=\"wp-block-spacer\"><\/div>\n\n\n\n<h3 class=\"wp-block-heading\">Career<\/h3>\n\n\n\n<p>There are currently no vacancies available.<\/p>","protected":false},"excerpt":{"rendered":"<p>Team Gesch\u00e4ftsf\u00fchrung Prof. Dr.-Ing. G\u00fcnter Hohenberg Prof. Hohenberg als Firmengr\u00fcnder blickt auf eine ungew\u00f6hnlich erfolgreiche Berufslaufbahn zur\u00fcck. Nach dem Abschluss des Maschinenbaustudiums an der TU Graz trat er 1970 in die Pkw- Motorenkonstruktion der damaligen Daimler-Benz AG ein. Wesentliche Punkte seiner T\u00e4tigkeit waren: Konstruktion und Auslegung des Wankelmotors, Thermodynamik des Arbeitsprozesses sowie Messtechnik. 1974 promovierte [&hellip;]<\/p>\n","protected":false},"author":1,"featured_media":0,"parent":0,"menu_order":0,"comment_status":"closed","ping_status":"closed","template":"","meta":{"footnotes":""},"class_list":["post-129","page","type-page","status-publish","hentry"],"_links":{"self":[{"href":"https:\/\/www.ivd-deutschland.com\/en\/wp-json\/wp\/v2\/pages\/129","targetHints":{"allow":["GET"]}}],"collection":[{"href":"https:\/\/www.ivd-deutschland.com\/en\/wp-json\/wp\/v2\/pages"}],"about":[{"href":"https:\/\/www.ivd-deutschland.com\/en\/wp-json\/wp\/v2\/types\/page"}],"author":[{"embeddable":true,"href":"https:\/\/www.ivd-deutschland.com\/en\/wp-json\/wp\/v2\/users\/1"}],"replies":[{"embeddable":true,"href":"https:\/\/www.ivd-deutschland.com\/en\/wp-json\/wp\/v2\/comments?post=129"}],"version-history":[{"count":11,"href":"https:\/\/www.ivd-deutschland.com\/en\/wp-json\/wp\/v2\/pages\/129\/revisions"}],"predecessor-version":[{"id":247,"href":"https:\/\/www.ivd-deutschland.com\/en\/wp-json\/wp\/v2\/pages\/129\/revisions\/247"}],"wp:attachment":[{"href":"https:\/\/www.ivd-deutschland.com\/en\/wp-json\/wp\/v2\/media?parent=129"}],"curies":[{"name":"wp","href":"https:\/\/api.w.org\/{rel}","templated":true}]}}