{"id":160,"date":"2024-04-23T10:51:40","date_gmt":"2024-04-23T10:51:40","guid":{"rendered":"http:\/\/wordpress.ivd-deutschland.com\/?page_id=160"},"modified":"2024-04-23T15:14:03","modified_gmt":"2024-04-23T15:14:03","slug":"impressum","status":"publish","type":"page","link":"https:\/\/www.ivd-deutschland.com\/en\/impressum\/","title":{"rendered":"Imprint"},"content":{"rendered":"<h2 class=\"wp-block-heading\"><strong>Imprint<\/strong><\/h2>\n\n\n\n<div style=\"height:30px\" aria-hidden=\"true\" class=\"wp-block-spacer\"><\/div>\n\n\n\n<p><strong>Name and address:<\/strong><\/p>\n\n\n\n<p>IVD Deutschland GmbH<br>Martinstra\u00dfe 56<br>64285 Darmstadt, Germany<\/p>\n\n\n\n<p><strong>Management:<\/strong><\/p>\n\n\n\n<p>Prof. Dr.-Ing. G\u00fcnter Hohenberg<br>Mag. Gudrun Beidl-Stangl<\/p>\n\n\n\n<p><strong>Head office\/ Registration court:<\/strong><\/p>\n\n\n\n<p>Amtsgericht Darmstadt<\/p>\n\n\n\n<p><strong>Tax number:<\/strong><\/p>\n\n\n\n<p>007 236 22328<\/p>\n\n\n\n<p><strong>UID:<\/strong><\/p>\n\n\n\n<p>DE278149981<\/p>\n\n\n\n<p><strong>Company registration number:<\/strong><\/p>\n\n\n\n<p>HRB 89981<\/p>\n\n\n\n<p><strong>Email:<\/strong><\/p>\n\n\n\n<p>office@ivd-deutschland.com<\/p>\n\n\n\n<p><strong>Responsible for content:<\/strong><\/p>\n\n\n\n<p>Mag. Gudrun Beidl-Stangl<\/p>","protected":false},"excerpt":{"rendered":"<p>Impressum Name und Anschrift: IVD Deutschland GmbHMartinstra\u00dfe 5664285 Darmstadt Gesch\u00e4ftsf\u00fchrer: Prof. Dr.-Ing. G\u00fcnter HohenbergMag. Gudrun Beidl-Stangl Firmensitz\/ Registergericht: Amtsgericht Darmstadt Steuernummer: 007 236 22328 UID: DE278149981 Registernummer: HRB 89981 Email: office@ivd-deutschland.com Inhaltlich verantwortlich: Mag. Gudrun Beidl-Stangl<\/p>","protected":false},"author":1,"featured_media":0,"parent":0,"menu_order":0,"comment_status":"closed","ping_status":"closed","template":"","meta":{"footnotes":""},"class_list":["post-160","page","type-page","status-publish","hentry"],"_links":{"self":[{"href":"https:\/\/www.ivd-deutschland.com\/en\/wp-json\/wp\/v2\/pages\/160","targetHints":{"allow":["GET"]}}],"collection":[{"href":"https:\/\/www.ivd-deutschland.com\/en\/wp-json\/wp\/v2\/pages"}],"about":[{"href":"https:\/\/www.ivd-deutschland.com\/en\/wp-json\/wp\/v2\/types\/page"}],"author":[{"embeddable":true,"href":"https:\/\/www.ivd-deutschland.com\/en\/wp-json\/wp\/v2\/users\/1"}],"replies":[{"embeddable":true,"href":"https:\/\/www.ivd-deutschland.com\/en\/wp-json\/wp\/v2\/comments?post=160"}],"version-history":[{"count":3,"href":"https:\/\/www.ivd-deutschland.com\/en\/wp-json\/wp\/v2\/pages\/160\/revisions"}],"predecessor-version":[{"id":217,"href":"https:\/\/www.ivd-deutschland.com\/en\/wp-json\/wp\/v2\/pages\/160\/revisions\/217"}],"wp:attachment":[{"href":"https:\/\/www.ivd-deutschland.com\/en\/wp-json\/wp\/v2\/media?parent=160"}],"curies":[{"name":"wp","href":"https:\/\/api.w.org\/{rel}","templated":true}]}}